{"id":170,"date":"2023-12-04T18:44:17","date_gmt":"2023-12-04T18:44:17","guid":{"rendered":"https:\/\/hueleaazufre.com\/wordpress_a\/?page_id=170"},"modified":"2024-07-11T17:11:03","modified_gmt":"2024-07-11T17:11:03","slug":"colaboradores","status":"publish","type":"page","link":"https:\/\/hueleaazufre.com\/wordpress_a\/index.php\/colaboradores\/","title":{"rendered":"Otras voces"},"content":{"rendered":"\t\t<div data-elementor-type=\"wp-page\" data-elementor-id=\"170\" class=\"elementor elementor-170\">\n\t\t\t\t<div class=\"elementor-element elementor-element-8797d42 e-flex e-con-boxed e-con e-parent\" data-id=\"8797d42\" data-element_type=\"container\" data-e-type=\"container\">\n\t\t\t\t\t<div class=\"e-con-inner\">\n\t\t<div class=\"elementor-element elementor-element-40d4cb5 e-con-full e-flex e-con e-child\" data-id=\"40d4cb5\" data-element_type=\"container\" data-e-type=\"container\">\n\t\t\t\t<div class=\"elementor-element elementor-element-3723dad elementor-widget elementor-widget-text-editor\" data-id=\"3723dad\" data-element_type=\"widget\" data-e-type=\"widget\" data-widget_type=\"text-editor.default\">\n\t\t\t\t<div class=\"elementor-widget-container\">\n\t\t\t\t\t\t\t\t\t<p><strong>Atilio Bor\u00f3n<\/strong> (1943). Escritor, soci\u00f3logo y polit\u00f3logo. Doctor en Ciencia Pol\u00edtica. Es profesor de la Facultad de Ciencias Sociales de la Universidad de Buenos Aires e investigador adscrito al IEALC (Instituto de Estudios de Am\u00e9rica Latina y el Caribe) de dicha facultad, entre otras.<\/p>\t\t\t\t\t\t\t\t<\/div>\n\t\t\t\t<\/div>\n\t\t\t\t<\/div>\n\t\t<div class=\"elementor-element elementor-element-dd76f03 e-con-full e-flex e-con e-child\" data-id=\"dd76f03\" data-element_type=\"container\" data-e-type=\"container\">\n\t\t\t\t<div class=\"elementor-element elementor-element-fb31677 elementor-widget elementor-widget-image\" data-id=\"fb31677\" data-element_type=\"widget\" data-e-type=\"widget\" data-widget_type=\"image.default\">\n\t\t\t\t<div class=\"elementor-widget-container\">\n\t\t\t\t\t\t\t\t\t\t\t\t\t\t\t<img loading=\"lazy\" width=\"400\" height=\"400\" src=\"https:\/\/hueleaazufre.com\/wordpress_a\/wp-content\/uploads\/2023\/12\/G9r38N02_400x400.jpg\" class=\"attachment-large size-large wp-image-171\" alt=\"G9r38N02_400x400\" srcset=\"https:\/\/hueleaazufre.com\/wordpress_a\/wp-content\/uploads\/2023\/12\/G9r38N02_400x400.jpg 400w, https:\/\/hueleaazufre.com\/wordpress_a\/wp-content\/uploads\/2023\/12\/G9r38N02_400x400-300x300.jpg 300w, https:\/\/hueleaazufre.com\/wordpress_a\/wp-content\/uploads\/2023\/12\/G9r38N02_400x400-150x150.jpg 150w\" sizes=\"auto, (max-width: 400px) 100vw, 400px\" loading=\"lazy\" decoding=\"async\" \/>\t\t\t\t\t\t\t\t\t\t\t\t\t\t\t<\/div>\n\t\t\t\t<\/div>\n\t\t\t\t<\/div>\n\t\t\t\t\t<\/div>\n\t\t\t\t<\/div>\n\t\t<div class=\"elementor-element elementor-element-c1b3fec e-flex e-con-boxed e-con e-parent\" data-id=\"c1b3fec\" data-element_type=\"container\" data-e-type=\"container\">\n\t\t\t\t\t<div class=\"e-con-inner\">\n\t\t<div class=\"elementor-element elementor-element-39e4fe1 e-con-full e-flex e-con e-child\" data-id=\"39e4fe1\" data-element_type=\"container\" data-e-type=\"container\">\n\t\t\t\t<div class=\"elementor-element elementor-element-a91e5d3 elementor-widget elementor-widget-text-editor\" data-id=\"a91e5d3\" data-element_type=\"widget\" data-e-type=\"widget\" data-widget_type=\"text-editor.default\">\n\t\t\t\t<div class=\"elementor-widget-container\">\n\t\t\t\t\t\t\t\t\t<p><b>I\u00f1aki Gil De San Vicente<\/b><span style=\"font-weight: 400;\"> (1952). Intelectual, profesor y pensador marxista. Analista de la pol\u00edtica global y militante por la independencia vasca. Autor de numerosas obras y art\u00edculos en distintos medios alternativos.<\/span><\/p>\t\t\t\t\t\t\t\t<\/div>\n\t\t\t\t<\/div>\n\t\t\t\t<\/div>\n\t\t<div class=\"elementor-element elementor-element-60c6313 e-con-full e-flex e-con e-child\" data-id=\"60c6313\" data-element_type=\"container\" data-e-type=\"container\">\n\t\t\t\t<div class=\"elementor-element elementor-element-77b70ce elementor-widget elementor-widget-image\" data-id=\"77b70ce\" data-element_type=\"widget\" data-e-type=\"widget\" data-widget_type=\"image.default\">\n\t\t\t\t<div class=\"elementor-widget-container\">\n\t\t\t\t\t\t\t\t\t\t\t\t\t\t\t<img loading=\"lazy\" width=\"333\" height=\"333\" src=\"https:\/\/hueleaazufre.com\/wordpress_a\/wp-content\/uploads\/2023\/12\/Inaki-Gil-de-San-Vicente-e1695908168309.png\" class=\"attachment-large size-large wp-image-172\" alt=\"Inaki-Gil-de-San-Vicente-e1695908168309\" srcset=\"https:\/\/hueleaazufre.com\/wordpress_a\/wp-content\/uploads\/2023\/12\/Inaki-Gil-de-San-Vicente-e1695908168309.png 333w, https:\/\/hueleaazufre.com\/wordpress_a\/wp-content\/uploads\/2023\/12\/Inaki-Gil-de-San-Vicente-e1695908168309-300x300.png 300w, https:\/\/hueleaazufre.com\/wordpress_a\/wp-content\/uploads\/2023\/12\/Inaki-Gil-de-San-Vicente-e1695908168309-150x150.png 150w\" sizes=\"auto, (max-width: 333px) 100vw, 333px\" loading=\"lazy\" decoding=\"async\" \/>\t\t\t\t\t\t\t\t\t\t\t\t\t\t\t<\/div>\n\t\t\t\t<\/div>\n\t\t\t\t<\/div>\n\t\t\t\t\t<\/div>\n\t\t\t\t<\/div>\n\t\t<div class=\"elementor-element elementor-element-61d4d92 e-con-full e-flex e-con e-parent\" data-id=\"61d4d92\" data-element_type=\"container\" data-e-type=\"container\">\n\t\t<div class=\"elementor-element elementor-element-f810c5b e-con-full e-flex e-con e-child\" data-id=\"f810c5b\" data-element_type=\"container\" data-e-type=\"container\">\n\t\t\t\t<div class=\"elementor-element elementor-element-5f5c643 elementor-widget elementor-widget-text-editor\" data-id=\"5f5c643\" data-element_type=\"widget\" data-e-type=\"widget\" data-widget_type=\"text-editor.default\">\n\t\t\t\t<div class=\"elementor-widget-container\">\n\t\t\t\t\t\t\t\t\t<p><b>Claudio Katz <\/b><span style=\"font-weight: 400;\">(1954). Economista, investigador del <\/span><span style=\"font-weight: 400;\">Consejo Nacional de Ciencia y Tecnolog\u00eda (<\/span><span style=\"font-weight: 400;\">CONICET) y activista de Derechos Humanos. Profesor de la Universidad de Buenos Aires, donde se doctor\u00f3 y tambi\u00e9n dirige proyectos. <\/span><span style=\"font-weight: 400;\">Es miembro del consejo editorial de varias revistas acad\u00e9micas y desarrolla una intensa actividad en sindicatos, movimientos sociales y organizaciones pol\u00edticas de Argentina, como integrante del colectivo \u201cEconomistas de Izquierda\u201d (EDI)<\/span><\/p>\t\t\t\t\t\t\t\t<\/div>\n\t\t\t\t<\/div>\n\t\t\t\t<\/div>\n\t\t<div class=\"elementor-element elementor-element-3eaeaf4 e-con-full e-flex e-con e-child\" data-id=\"3eaeaf4\" data-element_type=\"container\" data-e-type=\"container\">\n\t\t\t\t<div class=\"elementor-element elementor-element-8cf1dca elementor-widget elementor-widget-image\" data-id=\"8cf1dca\" data-element_type=\"widget\" data-e-type=\"widget\" data-widget_type=\"image.default\">\n\t\t\t\t<div class=\"elementor-widget-container\">\n\t\t\t\t\t\t\t\t\t\t\t\t\t\t\t<img loading=\"lazy\" width=\"258\" height=\"258\" src=\"https:\/\/hueleaazufre.com\/wordpress_a\/wp-content\/uploads\/2023\/12\/Claudio-katzaa.jpg\" class=\"attachment-large size-large wp-image-175\" alt=\"Claudio-katzaa\" srcset=\"https:\/\/hueleaazufre.com\/wordpress_a\/wp-content\/uploads\/2023\/12\/Claudio-katzaa.jpg 258w, https:\/\/hueleaazufre.com\/wordpress_a\/wp-content\/uploads\/2023\/12\/Claudio-katzaa-150x150.jpg 150w\" sizes=\"auto, (max-width: 258px) 100vw, 258px\" loading=\"lazy\" decoding=\"async\" \/>\t\t\t\t\t\t\t\t\t\t\t\t\t\t\t<\/div>\n\t\t\t\t<\/div>\n\t\t\t\t<\/div>\n\t\t\t\t<\/div>\n\t\t<div class=\"elementor-element elementor-element-55a6b90 e-flex e-con-boxed e-con e-parent\" data-id=\"55a6b90\" data-element_type=\"container\" data-e-type=\"container\">\n\t\t\t\t\t<div class=\"e-con-inner\">\n\t\t<div class=\"elementor-element elementor-element-a65fb60 e-con-full e-flex e-con e-child\" data-id=\"a65fb60\" data-element_type=\"container\" data-e-type=\"container\">\n\t\t\t\t<div class=\"elementor-element elementor-element-ab0cbc5 elementor-widget elementor-widget-text-editor\" data-id=\"ab0cbc5\" data-element_type=\"widget\" data-e-type=\"widget\" data-widget_type=\"text-editor.default\">\n\t\t\t\t<div class=\"elementor-widget-container\">\n\t\t\t\t\t\t\t\t\t<p><b>Antonio Garc\u00eda<\/b><span style=\"font-weight: 400;\"> (1956). Es un agudo analista pol\u00edtico y prol\u00edfico escritor colombiano.<\/span><\/p>\t\t\t\t\t\t\t\t<\/div>\n\t\t\t\t<\/div>\n\t\t\t\t<\/div>\n\t\t<div class=\"elementor-element elementor-element-7b51dd1 e-con-full e-flex e-con e-child\" data-id=\"7b51dd1\" data-element_type=\"container\" data-e-type=\"container\">\n\t\t\t\t<div class=\"elementor-element elementor-element-6d037e1 elementor-widget elementor-widget-image\" data-id=\"6d037e1\" data-element_type=\"widget\" data-e-type=\"widget\" data-widget_type=\"image.default\">\n\t\t\t\t<div class=\"elementor-widget-container\">\n\t\t\t\t\t\t\t\t\t\t\t\t\t\t\t<img loading=\"lazy\" width=\"514\" height=\"514\" src=\"https:\/\/hueleaazufre.com\/wordpress_a\/wp-content\/uploads\/2023\/12\/Antonio-G.jpg\" class=\"attachment-large size-large wp-image-173\" alt=\"Antonio G\" srcset=\"https:\/\/hueleaazufre.com\/wordpress_a\/wp-content\/uploads\/2023\/12\/Antonio-G.jpg 514w, https:\/\/hueleaazufre.com\/wordpress_a\/wp-content\/uploads\/2023\/12\/Antonio-G-300x300.jpg 300w, https:\/\/hueleaazufre.com\/wordpress_a\/wp-content\/uploads\/2023\/12\/Antonio-G-150x150.jpg 150w\" sizes=\"auto, (max-width: 514px) 100vw, 514px\" loading=\"lazy\" decoding=\"async\" \/>\t\t\t\t\t\t\t\t\t\t\t\t\t\t\t<\/div>\n\t\t\t\t<\/div>\n\t\t\t\t<\/div>\n\t\t\t\t\t<\/div>\n\t\t\t\t<\/div>\n\t\t<div class=\"elementor-element elementor-element-1a8a215 e-flex e-con-boxed e-con e-parent\" data-id=\"1a8a215\" data-element_type=\"container\" data-e-type=\"container\">\n\t\t\t\t\t<div class=\"e-con-inner\">\n\t\t<div class=\"elementor-element elementor-element-0daf4ee e-con-full e-flex e-con e-child\" data-id=\"0daf4ee\" data-element_type=\"container\" data-e-type=\"container\">\n\t\t\t\t<div class=\"elementor-element elementor-element-d739713 elementor-widget elementor-widget-text-editor\" data-id=\"d739713\" data-element_type=\"widget\" data-e-type=\"widget\" data-widget_type=\"text-editor.default\">\n\t\t\t\t<div class=\"elementor-widget-container\">\n\t\t\t\t\t\t\t\t\t<p><b>Paula Gim\u00e9nez<\/b><b>.<\/b><span style=\"font-weight: 400;\"> Licenciada en Psicolog\u00eda y Magister en Seguridad y Defensa de la Naci\u00f3n y en Seguridad Internacional y Estudios Estrat\u00e9gicos.\u00a0<\/span><\/p>\t\t\t\t\t\t\t\t<\/div>\n\t\t\t\t<\/div>\n\t\t\t\t<\/div>\n\t\t<div class=\"elementor-element elementor-element-705a30c e-con-full e-flex e-con e-child\" data-id=\"705a30c\" data-element_type=\"container\" data-e-type=\"container\">\n\t\t\t\t<div class=\"elementor-element elementor-element-46b8058 elementor-widget elementor-widget-image\" data-id=\"46b8058\" data-element_type=\"widget\" data-e-type=\"widget\" data-widget_type=\"image.default\">\n\t\t\t\t<div class=\"elementor-widget-container\">\n\t\t\t\t\t\t\t\t\t\t\t\t\t\t\t<img loading=\"lazy\" width=\"600\" height=\"800\" src=\"https:\/\/hueleaazufre.com\/wordpress_a\/wp-content\/uploads\/2024\/06\/Paula-Gimenez.jpg\" class=\"attachment-large size-large wp-image-1217\" alt=\"Paula Gim\u00e9nez.\" srcset=\"https:\/\/hueleaazufre.com\/wordpress_a\/wp-content\/uploads\/2024\/06\/Paula-Gimenez.jpg 600w, https:\/\/hueleaazufre.com\/wordpress_a\/wp-content\/uploads\/2024\/06\/Paula-Gimenez-225x300.jpg 225w\" sizes=\"auto, (max-width: 600px) 100vw, 600px\" loading=\"lazy\" decoding=\"async\" \/>\t\t\t\t\t\t\t\t\t\t\t\t\t\t\t<\/div>\n\t\t\t\t<\/div>\n\t\t\t\t<\/div>\n\t\t\t\t\t<\/div>\n\t\t\t\t<\/div>\n\t\t<div class=\"elementor-element elementor-element-f70518d e-flex e-con-boxed e-con e-parent\" data-id=\"f70518d\" data-element_type=\"container\" data-e-type=\"container\">\n\t\t\t\t\t<div class=\"e-con-inner\">\n\t\t<div class=\"elementor-element elementor-element-84f6c54 e-con-full e-flex e-con e-child\" data-id=\"84f6c54\" data-element_type=\"container\" data-e-type=\"container\">\n\t\t\t\t<div class=\"elementor-element elementor-element-5026f23 elementor-widget elementor-widget-text-editor\" data-id=\"5026f23\" data-element_type=\"widget\" data-e-type=\"widget\" data-widget_type=\"text-editor.default\">\n\t\t\t\t<div class=\"elementor-widget-container\">\n\t\t\t\t\t\t\t\t\t<p><b>Solange Martinez.<\/b><span style=\"font-weight: 400;\"> Investigadora del CEIL Manuel Ugarte (UNLa), conductora de Esquina Am\u00e9rica, por radio Megafon UNLa y de NODAL Se Prende. Analista argentina del Centro Latinoamericano de An\u00e1lisis Estrat\u00e9gico (CLAE).<\/span><\/p>\t\t\t\t\t\t\t\t<\/div>\n\t\t\t\t<\/div>\n\t\t\t\t<\/div>\n\t\t<div class=\"elementor-element elementor-element-0a2bacf e-con-full e-flex e-con e-child\" data-id=\"0a2bacf\" data-element_type=\"container\" data-e-type=\"container\">\n\t\t\t\t<div class=\"elementor-element elementor-element-2554418 elementor-widget elementor-widget-image\" data-id=\"2554418\" data-element_type=\"widget\" data-e-type=\"widget\" data-widget_type=\"image.default\">\n\t\t\t\t<div class=\"elementor-widget-container\">\n\t\t\t\t\t\t\t\t\t\t\t\t\t\t\t<img loading=\"lazy\" width=\"640\" height=\"853\" src=\"https:\/\/hueleaazufre.com\/wordpress_a\/wp-content\/uploads\/2024\/06\/Screenshot_20240612_135143-768x1024.jpg\" class=\"attachment-large size-large wp-image-1218\" alt=\"Screenshot_20240612_135143\" srcset=\"https:\/\/hueleaazufre.com\/wordpress_a\/wp-content\/uploads\/2024\/06\/Screenshot_20240612_135143-768x1024.jpg 768w, https:\/\/hueleaazufre.com\/wordpress_a\/wp-content\/uploads\/2024\/06\/Screenshot_20240612_135143-225x300.jpg 225w, https:\/\/hueleaazufre.com\/wordpress_a\/wp-content\/uploads\/2024\/06\/Screenshot_20240612_135143-1024x1365.jpg 1024w, https:\/\/hueleaazufre.com\/wordpress_a\/wp-content\/uploads\/2024\/06\/Screenshot_20240612_135143.jpg 1080w\" sizes=\"auto, (max-width: 640px) 100vw, 640px\" loading=\"lazy\" decoding=\"async\" \/>\t\t\t\t\t\t\t\t\t\t\t\t\t\t\t<\/div>\n\t\t\t\t<\/div>\n\t\t\t\t<\/div>\n\t\t\t\t\t<\/div>\n\t\t\t\t<\/div>\n\t\t<div class=\"elementor-element elementor-element-26b38cf e-flex e-con-boxed e-con e-parent\" data-id=\"26b38cf\" data-element_type=\"container\" data-e-type=\"container\">\n\t\t\t\t\t<div class=\"e-con-inner\">\n\t\t<div class=\"elementor-element elementor-element-140a562 e-con-full e-flex e-con e-child\" data-id=\"140a562\" data-element_type=\"container\" data-e-type=\"container\">\n\t\t\t\t<div class=\"elementor-element elementor-element-a4e23c6 elementor-widget elementor-widget-text-editor\" data-id=\"a4e23c6\" data-element_type=\"widget\" data-e-type=\"widget\" data-widget_type=\"text-editor.default\">\n\t\t\t\t<div class=\"elementor-widget-container\">\n\t\t\t\t\t\t\t\t\t<p><b>Lucas Aguilera.<\/b><span style=\"font-weight: 400;\"> Mag\u00edster en Pol\u00edticas P\u00fablicas y Desarrollo (FLACSO). Analista senior del Centro Latinoamericano de An\u00e1lisis Estrat\u00e9gico (CLAE).<\/span><\/p>\t\t\t\t\t\t\t\t<\/div>\n\t\t\t\t<\/div>\n\t\t\t\t<\/div>\n\t\t<div class=\"elementor-element elementor-element-1f38ac5 e-con-full e-flex e-con e-child\" data-id=\"1f38ac5\" data-element_type=\"container\" data-e-type=\"container\">\n\t\t\t\t<div class=\"elementor-element elementor-element-f57c70a elementor-widget elementor-widget-image\" data-id=\"f57c70a\" data-element_type=\"widget\" data-e-type=\"widget\" data-widget_type=\"image.default\">\n\t\t\t\t<div class=\"elementor-widget-container\">\n\t\t\t\t\t\t\t\t\t\t\t\t\t\t\t<img loading=\"lazy\" width=\"534\" height=\"711\" src=\"https:\/\/hueleaazufre.com\/wordpress_a\/wp-content\/uploads\/2024\/06\/Screenshot_20240612_135729.jpg\" class=\"attachment-large size-large wp-image-1220\" alt=\"Screenshot_20240612_135729\" srcset=\"https:\/\/hueleaazufre.com\/wordpress_a\/wp-content\/uploads\/2024\/06\/Screenshot_20240612_135729.jpg 534w, https:\/\/hueleaazufre.com\/wordpress_a\/wp-content\/uploads\/2024\/06\/Screenshot_20240612_135729-225x300.jpg 225w\" sizes=\"auto, (max-width: 534px) 100vw, 534px\" loading=\"lazy\" decoding=\"async\" \/>\t\t\t\t\t\t\t\t\t\t\t\t\t\t\t<\/div>\n\t\t\t\t<\/div>\n\t\t\t\t<\/div>\n\t\t\t\t\t<\/div>\n\t\t\t\t<\/div>\n\t\t\t\t<\/div>\n\t\t","protected":false},"excerpt":{"rendered":"<p>Atilio Bor\u00f3n (1943). Escritor, soci\u00f3logo y polit\u00f3logo. Doctor en Ciencia Pol\u00edtica. Es profesor de la&#8230;<\/p>\n","protected":false},"author":1,"featured_media":0,"parent":0,"menu_order":0,"comment_status":"closed","ping_status":"closed","template":"","meta":{"footnotes":""},"class_list":["post-170","page","type-page","status-publish","hentry"],"yoast_head":"<!-- This site is optimized with the Yoast SEO plugin v27.5 - https:\/\/yoast.com\/product\/yoast-seo-wordpress\/ -->\n<title>Otras voces -<\/title>\n<meta name=\"robots\" content=\"index, follow, max-snippet:-1, max-image-preview:large, max-video-preview:-1\" \/>\n<link rel=\"canonical\" href=\"https:\/\/hueleaazufre.com\/wordpress_a\/index.php\/colaboradores\/\" \/>\n<meta property=\"og:locale\" content=\"es_ES\" \/>\n<meta property=\"og:type\" content=\"article\" \/>\n<meta property=\"og:title\" content=\"Otras voces -\" \/>\n<meta property=\"og:description\" content=\"Atilio Bor\u00f3n (1943). Escritor, soci\u00f3logo y polit\u00f3logo. Doctor en Ciencia Pol\u00edtica. Es profesor de la...\" \/>\n<meta property=\"og:url\" content=\"https:\/\/hueleaazufre.com\/wordpress_a\/index.php\/colaboradores\/\" \/>\n<meta property=\"article:modified_time\" content=\"2024-07-11T17:11:03+00:00\" \/>\n<meta property=\"og:image\" content=\"https:\/\/hueleaazufre.com\/wordpress_a\/wp-content\/uploads\/2023\/12\/G9r38N02_400x400.jpg\" \/>\n<meta name=\"twitter:card\" content=\"summary_large_image\" \/>\n<meta name=\"twitter:label1\" content=\"Tiempo de lectura\" \/>\n\t<meta name=\"twitter:data1\" content=\"3 minutos\" \/>\n<script type=\"application\/ld+json\" class=\"yoast-schema-graph\">{\"@context\":\"https:\\\/\\\/schema.org\",\"@graph\":[{\"@type\":\"WebPage\",\"@id\":\"https:\\\/\\\/hueleaazufre.com\\\/wordpress_a\\\/index.php\\\/colaboradores\\\/\",\"url\":\"https:\\\/\\\/hueleaazufre.com\\\/wordpress_a\\\/index.php\\\/colaboradores\\\/\",\"name\":\"Otras voces -\",\"isPartOf\":{\"@id\":\"https:\\\/\\\/hueleaazufre.com\\\/wordpress_a\\\/#website\"},\"primaryImageOfPage\":{\"@id\":\"https:\\\/\\\/hueleaazufre.com\\\/wordpress_a\\\/index.php\\\/colaboradores\\\/#primaryimage\"},\"image\":{\"@id\":\"https:\\\/\\\/hueleaazufre.com\\\/wordpress_a\\\/index.php\\\/colaboradores\\\/#primaryimage\"},\"thumbnailUrl\":\"https:\\\/\\\/hueleaazufre.com\\\/wordpress_a\\\/wp-content\\\/uploads\\\/2023\\\/12\\\/G9r38N02_400x400.jpg\",\"datePublished\":\"2023-12-04T18:44:17+00:00\",\"dateModified\":\"2024-07-11T17:11:03+00:00\",\"breadcrumb\":{\"@id\":\"https:\\\/\\\/hueleaazufre.com\\\/wordpress_a\\\/index.php\\\/colaboradores\\\/#breadcrumb\"},\"inLanguage\":\"es\",\"potentialAction\":[{\"@type\":\"ReadAction\",\"target\":[\"https:\\\/\\\/hueleaazufre.com\\\/wordpress_a\\\/index.php\\\/colaboradores\\\/\"]}]},{\"@type\":\"ImageObject\",\"inLanguage\":\"es\",\"@id\":\"https:\\\/\\\/hueleaazufre.com\\\/wordpress_a\\\/index.php\\\/colaboradores\\\/#primaryimage\",\"url\":\"https:\\\/\\\/hueleaazufre.com\\\/wordpress_a\\\/wp-content\\\/uploads\\\/2023\\\/12\\\/G9r38N02_400x400.jpg\",\"contentUrl\":\"https:\\\/\\\/hueleaazufre.com\\\/wordpress_a\\\/wp-content\\\/uploads\\\/2023\\\/12\\\/G9r38N02_400x400.jpg\",\"width\":400,\"height\":400},{\"@type\":\"BreadcrumbList\",\"@id\":\"https:\\\/\\\/hueleaazufre.com\\\/wordpress_a\\\/index.php\\\/colaboradores\\\/#breadcrumb\",\"itemListElement\":[{\"@type\":\"ListItem\",\"position\":1,\"name\":\"Portada\",\"item\":\"https:\\\/\\\/hueleaazufre.com\\\/wordpress_a\\\/\"},{\"@type\":\"ListItem\",\"position\":2,\"name\":\"Otras voces\"}]},{\"@type\":\"WebSite\",\"@id\":\"https:\\\/\\\/hueleaazufre.com\\\/wordpress_a\\\/#website\",\"url\":\"https:\\\/\\\/hueleaazufre.com\\\/wordpress_a\\\/\",\"name\":\"\",\"description\":\"Huele a azufre es una plataforma digital de an\u00e1lisis geopol\u00edtico.\",\"potentialAction\":[{\"@type\":\"SearchAction\",\"target\":{\"@type\":\"EntryPoint\",\"urlTemplate\":\"https:\\\/\\\/hueleaazufre.com\\\/wordpress_a\\\/?s={search_term_string}\"},\"query-input\":{\"@type\":\"PropertyValueSpecification\",\"valueRequired\":true,\"valueName\":\"search_term_string\"}}],\"inLanguage\":\"es\"}]}<\/script>\n<!-- \/ Yoast SEO plugin. -->","yoast_head_json":{"title":"Otras voces -","robots":{"index":"index","follow":"follow","max-snippet":"max-snippet:-1","max-image-preview":"max-image-preview:large","max-video-preview":"max-video-preview:-1"},"canonical":"https:\/\/hueleaazufre.com\/wordpress_a\/index.php\/colaboradores\/","og_locale":"es_ES","og_type":"article","og_title":"Otras voces -","og_description":"Atilio Bor\u00f3n (1943). Escritor, soci\u00f3logo y polit\u00f3logo. Doctor en Ciencia Pol\u00edtica. Es profesor de la...","og_url":"https:\/\/hueleaazufre.com\/wordpress_a\/index.php\/colaboradores\/","article_modified_time":"2024-07-11T17:11:03+00:00","og_image":[{"url":"https:\/\/hueleaazufre.com\/wordpress_a\/wp-content\/uploads\/2023\/12\/G9r38N02_400x400.jpg","type":"","width":"","height":""}],"twitter_card":"summary_large_image","twitter_misc":{"Tiempo de lectura":"3 minutos"},"schema":{"@context":"https:\/\/schema.org","@graph":[{"@type":"WebPage","@id":"https:\/\/hueleaazufre.com\/wordpress_a\/index.php\/colaboradores\/","url":"https:\/\/hueleaazufre.com\/wordpress_a\/index.php\/colaboradores\/","name":"Otras voces -","isPartOf":{"@id":"https:\/\/hueleaazufre.com\/wordpress_a\/#website"},"primaryImageOfPage":{"@id":"https:\/\/hueleaazufre.com\/wordpress_a\/index.php\/colaboradores\/#primaryimage"},"image":{"@id":"https:\/\/hueleaazufre.com\/wordpress_a\/index.php\/colaboradores\/#primaryimage"},"thumbnailUrl":"https:\/\/hueleaazufre.com\/wordpress_a\/wp-content\/uploads\/2023\/12\/G9r38N02_400x400.jpg","datePublished":"2023-12-04T18:44:17+00:00","dateModified":"2024-07-11T17:11:03+00:00","breadcrumb":{"@id":"https:\/\/hueleaazufre.com\/wordpress_a\/index.php\/colaboradores\/#breadcrumb"},"inLanguage":"es","potentialAction":[{"@type":"ReadAction","target":["https:\/\/hueleaazufre.com\/wordpress_a\/index.php\/colaboradores\/"]}]},{"@type":"ImageObject","inLanguage":"es","@id":"https:\/\/hueleaazufre.com\/wordpress_a\/index.php\/colaboradores\/#primaryimage","url":"https:\/\/hueleaazufre.com\/wordpress_a\/wp-content\/uploads\/2023\/12\/G9r38N02_400x400.jpg","contentUrl":"https:\/\/hueleaazufre.com\/wordpress_a\/wp-content\/uploads\/2023\/12\/G9r38N02_400x400.jpg","width":400,"height":400},{"@type":"BreadcrumbList","@id":"https:\/\/hueleaazufre.com\/wordpress_a\/index.php\/colaboradores\/#breadcrumb","itemListElement":[{"@type":"ListItem","position":1,"name":"Portada","item":"https:\/\/hueleaazufre.com\/wordpress_a\/"},{"@type":"ListItem","position":2,"name":"Otras voces"}]},{"@type":"WebSite","@id":"https:\/\/hueleaazufre.com\/wordpress_a\/#website","url":"https:\/\/hueleaazufre.com\/wordpress_a\/","name":"","description":"Huele a azufre es una plataforma digital de an\u00e1lisis geopol\u00edtico.","potentialAction":[{"@type":"SearchAction","target":{"@type":"EntryPoint","urlTemplate":"https:\/\/hueleaazufre.com\/wordpress_a\/?s={search_term_string}"},"query-input":{"@type":"PropertyValueSpecification","valueRequired":true,"valueName":"search_term_string"}}],"inLanguage":"es"}]}},"_links":{"self":[{"href":"https:\/\/hueleaazufre.com\/wordpress_a\/index.php\/wp-json\/wp\/v2\/pages\/170","targetHints":{"allow":["GET"]}}],"collection":[{"href":"https:\/\/hueleaazufre.com\/wordpress_a\/index.php\/wp-json\/wp\/v2\/pages"}],"about":[{"href":"https:\/\/hueleaazufre.com\/wordpress_a\/index.php\/wp-json\/wp\/v2\/types\/page"}],"author":[{"embeddable":true,"href":"https:\/\/hueleaazufre.com\/wordpress_a\/index.php\/wp-json\/wp\/v2\/users\/1"}],"replies":[{"embeddable":true,"href":"https:\/\/hueleaazufre.com\/wordpress_a\/index.php\/wp-json\/wp\/v2\/comments?post=170"}],"version-history":[{"count":14,"href":"https:\/\/hueleaazufre.com\/wordpress_a\/index.php\/wp-json\/wp\/v2\/pages\/170\/revisions"}],"predecessor-version":[{"id":1318,"href":"https:\/\/hueleaazufre.com\/wordpress_a\/index.php\/wp-json\/wp\/v2\/pages\/170\/revisions\/1318"}],"wp:attachment":[{"href":"https:\/\/hueleaazufre.com\/wordpress_a\/index.php\/wp-json\/wp\/v2\/media?parent=170"}],"curies":[{"name":"wp","href":"https:\/\/api.w.org\/{rel}","templated":true}]}}